{"id":275,"date":"2024-01-09T23:13:53","date_gmt":"2024-01-09T22:13:53","guid":{"rendered":"https:\/\/crumbsevents.com\/?page_id=275"},"modified":"2024-07-23T16:11:26","modified_gmt":"2024-07-23T15:11:26","slug":"quem-somos-2","status":"publish","type":"page","link":"https:\/\/crumbsevents.com\/","title":{"rendered":"Quem Somos"},"content":{"rendered":"<div class=\"wp-block-image\">\n<figure class=\"aligncenter size-large is-resized\"><img fetchpriority=\"high\" decoding=\"async\" width=\"1024\" height=\"1024\" src=\"https:\/\/crumbsevents.com\/wp-content\/uploads\/2024\/07\/logo-1024x1024.jpg\" alt=\"\" class=\"wp-image-421\" style=\"width:254px;height:auto\" srcset=\"https:\/\/crumbsevents.com\/wp-content\/uploads\/2024\/07\/logo-1024x1024.jpg 1024w, https:\/\/crumbsevents.com\/wp-content\/uploads\/2024\/07\/logo-300x300.jpg 300w, https:\/\/crumbsevents.com\/wp-content\/uploads\/2024\/07\/logo-150x150.jpg 150w, https:\/\/crumbsevents.com\/wp-content\/uploads\/2024\/07\/logo-768x768.jpg 768w, https:\/\/crumbsevents.com\/wp-content\/uploads\/2024\/07\/logo-1536x1536.jpg 1536w, https:\/\/crumbsevents.com\/wp-content\/uploads\/2024\/07\/logo.jpg 2048w\" sizes=\"(max-width: 1024px) 100vw, 1024px\" \/><\/figure>\n<\/div>\n\n\n<p class=\"has-text-align-center\"><strong>Somos mais do que uma simples promotora de espet\u00e1culos.<br>\u00c9 aqui que a nossa paix\u00e3o pela m\u00fasica ganha vida.<\/strong><\/p>\n\n\n\n<p class=\"has-text-align-center\">Acreditamos que a m\u00fasica tem o poder de transcender barreiras, conectar pessoas e despertar sentimentos profundos, por isso, nos espet\u00e1culos promovidos pela CrumbsEvents, queremos criar uma atmosfera onde a m\u00fasica se torna a linguagem universal, compreendida por todos, independentemente de sua origem ou l\u00edngua.<br><br>Em cada evento, cuidamos de todos os detalhes: desde a sele\u00e7\u00e3o dos artistas mais talentosos at\u00e9 a escolha dos espa\u00e7os mais adequados. A nossa miss\u00e3o \u00e9 proporcionar uma experi\u00eancia completa e imersiva. Queremos que cada concerto seja uma celebra\u00e7\u00e3o da arte, uma oportunidade para a comunidade se reunir e partilhar momentos de beleza.<br><br>Na CrumbsEvents acreditamos que a m\u00fasica \u00e9 uma d\u00e1diva e que deve ser apreciada por todos. Por isso, tamb\u00e9m nos esfor\u00e7amos para levar a magia dos espet\u00e1culos a diferentes p\u00fablicos, promovendo eventos acess\u00edveis e inclusivos.<\/p>\n","protected":false},"excerpt":{"rendered":"<p>Somos mais do que uma simples promotora de espet\u00e1culos.\u00c9 aqui que a nossa paix\u00e3o pela m\u00fasica ganha vida. Acreditamos que &hellip; <a href=\"https:\/\/crumbsevents.com\/\" class=\"more-link\">Continue reading <span class=\"screen-reader-text\">Quem Somos<\/span><\/a><\/p>\n","protected":false},"author":1,"featured_media":0,"parent":0,"menu_order":0,"comment_status":"closed","ping_status":"closed","template":"","meta":{"_themeisle_gutenberg_block_has_review":false,"footnotes":""},"class_list":["post-275","page","type-page","status-publish","hentry"],"_links":{"self":[{"href":"https:\/\/crumbsevents.com\/index.php\/wp-json\/wp\/v2\/pages\/275","targetHints":{"allow":["GET"]}}],"collection":[{"href":"https:\/\/crumbsevents.com\/index.php\/wp-json\/wp\/v2\/pages"}],"about":[{"href":"https:\/\/crumbsevents.com\/index.php\/wp-json\/wp\/v2\/types\/page"}],"author":[{"embeddable":true,"href":"https:\/\/crumbsevents.com\/index.php\/wp-json\/wp\/v2\/users\/1"}],"replies":[{"embeddable":true,"href":"https:\/\/crumbsevents.com\/index.php\/wp-json\/wp\/v2\/comments?post=275"}],"version-history":[{"count":5,"href":"https:\/\/crumbsevents.com\/index.php\/wp-json\/wp\/v2\/pages\/275\/revisions"}],"predecessor-version":[{"id":423,"href":"https:\/\/crumbsevents.com\/index.php\/wp-json\/wp\/v2\/pages\/275\/revisions\/423"}],"wp:attachment":[{"href":"https:\/\/crumbsevents.com\/index.php\/wp-json\/wp\/v2\/media?parent=275"}],"curies":[{"name":"wp","href":"https:\/\/api.w.org\/{rel}","templated":true}]}}