{"id":463,"date":"2024-07-23T18:41:32","date_gmt":"2024-07-23T17:41:32","guid":{"rendered":"https:\/\/crumbsevents.com\/?page_id=463"},"modified":"2025-04-14T12:47:48","modified_gmt":"2025-04-14T11:47:48","slug":"blasted-mechanism-sala-tejo","status":"publish","type":"page","link":"https:\/\/crumbsevents.com\/index.php\/blasted-mechanism-sala-tejo\/","title":{"rendered":"Blasted Mechanism | Sala Tejo"},"content":{"rendered":"\n<figure class=\"wp-block-image size-large\"><img fetchpriority=\"high\" decoding=\"async\" width=\"1024\" height=\"285\" src=\"https:\/\/crumbsevents.com\/wp-content\/uploads\/2024\/07\/1400x390-1-1024x285.jpg\" alt=\"\" class=\"wp-image-464\" srcset=\"https:\/\/crumbsevents.com\/wp-content\/uploads\/2024\/07\/1400x390-1-1024x285.jpg 1024w, https:\/\/crumbsevents.com\/wp-content\/uploads\/2024\/07\/1400x390-1-300x84.jpg 300w, https:\/\/crumbsevents.com\/wp-content\/uploads\/2024\/07\/1400x390-1-768x214.jpg 768w, https:\/\/crumbsevents.com\/wp-content\/uploads\/2024\/07\/1400x390-1.jpg 1400w\" sizes=\"(max-width: 1024px) 100vw, 1024px\" \/><\/figure>\n\n\n\n<ul class=\"wp-block-social-links aligncenter is-layout-flex wp-block-social-links-is-layout-flex\"><li class=\"wp-social-link wp-social-link-facebook  wp-block-social-link\"><a href=\"https:\/\/www.facebook.com\/BlastedMechanism\" class=\"wp-block-social-link-anchor\"><svg width=\"24\" height=\"24\" viewBox=\"0 0 24 24\" version=\"1.1\" xmlns=\"http:\/\/www.w3.org\/2000\/svg\" aria-hidden=\"true\" focusable=\"false\"><path d=\"M12 2C6.5 2 2 6.5 2 12c0 5 3.7 9.1 8.4 9.9v-7H7.9V12h2.5V9.8c0-2.5 1.5-3.9 3.8-3.9 1.1 0 2.2.2 2.2.2v2.5h-1.3c-1.2 0-1.6.8-1.6 1.6V12h2.8l-.4 2.9h-2.3v7C18.3 21.1 22 17 22 12c0-5.5-4.5-10-10-10z\"><\/path><\/svg><span class=\"wp-block-social-link-label screen-reader-text\">Facebook<\/span><\/a><\/li>\n\n<li class=\"wp-social-link wp-social-link-instagram  wp-block-social-link\"><a href=\"https:\/\/www.instagram.com\/blastedmechanism\/\" class=\"wp-block-social-link-anchor\"><svg width=\"24\" height=\"24\" viewBox=\"0 0 24 24\" version=\"1.1\" xmlns=\"http:\/\/www.w3.org\/2000\/svg\" aria-hidden=\"true\" focusable=\"false\"><path d=\"M12,4.622c2.403,0,2.688,0.009,3.637,0.052c0.877,0.04,1.354,0.187,1.671,0.31c0.42,0.163,0.72,0.358,1.035,0.673 c0.315,0.315,0.51,0.615,0.673,1.035c0.123,0.317,0.27,0.794,0.31,1.671c0.043,0.949,0.052,1.234,0.052,3.637 s-0.009,2.688-0.052,3.637c-0.04,0.877-0.187,1.354-0.31,1.671c-0.163,0.42-0.358,0.72-0.673,1.035 c-0.315,0.315-0.615,0.51-1.035,0.673c-0.317,0.123-0.794,0.27-1.671,0.31c-0.949,0.043-1.233,0.052-3.637,0.052 s-2.688-0.009-3.637-0.052c-0.877-0.04-1.354-0.187-1.671-0.31c-0.42-0.163-0.72-0.358-1.035-0.673 c-0.315-0.315-0.51-0.615-0.673-1.035c-0.123-0.317-0.27-0.794-0.31-1.671C4.631,14.688,4.622,14.403,4.622,12 s0.009-2.688,0.052-3.637c0.04-0.877,0.187-1.354,0.31-1.671c0.163-0.42,0.358-0.72,0.673-1.035 c0.315-0.315,0.615-0.51,1.035-0.673c0.317-0.123,0.794-0.27,1.671-0.31C9.312,4.631,9.597,4.622,12,4.622 M12,3 C9.556,3,9.249,3.01,8.289,3.054C7.331,3.098,6.677,3.25,6.105,3.472C5.513,3.702,5.011,4.01,4.511,4.511 c-0.5,0.5-0.808,1.002-1.038,1.594C3.25,6.677,3.098,7.331,3.054,8.289C3.01,9.249,3,9.556,3,12c0,2.444,0.01,2.751,0.054,3.711 c0.044,0.958,0.196,1.612,0.418,2.185c0.23,0.592,0.538,1.094,1.038,1.594c0.5,0.5,1.002,0.808,1.594,1.038 c0.572,0.222,1.227,0.375,2.185,0.418C9.249,20.99,9.556,21,12,21s2.751-0.01,3.711-0.054c0.958-0.044,1.612-0.196,2.185-0.418 c0.592-0.23,1.094-0.538,1.594-1.038c0.5-0.5,0.808-1.002,1.038-1.594c0.222-0.572,0.375-1.227,0.418-2.185 C20.99,14.751,21,14.444,21,12s-0.01-2.751-0.054-3.711c-0.044-0.958-0.196-1.612-0.418-2.185c-0.23-0.592-0.538-1.094-1.038-1.594 c-0.5-0.5-1.002-0.808-1.594-1.038c-0.572-0.222-1.227-0.375-2.185-0.418C14.751,3.01,14.444,3,12,3L12,3z M12,7.378 c-2.552,0-4.622,2.069-4.622,4.622S9.448,16.622,12,16.622s4.622-2.069,4.622-4.622S14.552,7.378,12,7.378z M12,15 c-1.657,0-3-1.343-3-3s1.343-3,3-3s3,1.343,3,3S13.657,15,12,15z M16.804,6.116c-0.596,0-1.08,0.484-1.08,1.08 s0.484,1.08,1.08,1.08c0.596,0,1.08-0.484,1.08-1.08S17.401,6.116,16.804,6.116z\"><\/path><\/svg><span class=\"wp-block-social-link-label screen-reader-text\">Instagram<\/span><\/a><\/li>\n\n<li class=\"wp-social-link wp-social-link-youtube  wp-block-social-link\"><a href=\"https:\/\/www.youtube.com\/@BlastedMechanismTV\" class=\"wp-block-social-link-anchor\"><svg width=\"24\" height=\"24\" viewBox=\"0 0 24 24\" version=\"1.1\" xmlns=\"http:\/\/www.w3.org\/2000\/svg\" aria-hidden=\"true\" focusable=\"false\"><path d=\"M21.8,8.001c0,0-0.195-1.378-0.795-1.985c-0.76-0.797-1.613-0.801-2.004-0.847c-2.799-0.202-6.997-0.202-6.997-0.202 h-0.009c0,0-4.198,0-6.997,0.202C4.608,5.216,3.756,5.22,2.995,6.016C2.395,6.623,2.2,8.001,2.2,8.001S2,9.62,2,11.238v1.517 c0,1.618,0.2,3.237,0.2,3.237s0.195,1.378,0.795,1.985c0.761,0.797,1.76,0.771,2.205,0.855c1.6,0.153,6.8,0.201,6.8,0.201 s4.203-0.006,7.001-0.209c0.391-0.047,1.243-0.051,2.004-0.847c0.6-0.607,0.795-1.985,0.795-1.985s0.2-1.618,0.2-3.237v-1.517 C22,9.62,21.8,8.001,21.8,8.001z M9.935,14.594l-0.001-5.62l5.404,2.82L9.935,14.594z\"><\/path><\/svg><span class=\"wp-block-social-link-label screen-reader-text\">YouTube<\/span><\/a><\/li>\n\n<li class=\"wp-social-link wp-social-link-tiktok  wp-block-social-link\"><a href=\"https:\/\/www.tiktok.com\/@blastedmechanism\" class=\"wp-block-social-link-anchor\"><svg width=\"24\" height=\"24\" viewBox=\"0 0 32 32\" version=\"1.1\" xmlns=\"http:\/\/www.w3.org\/2000\/svg\" aria-hidden=\"true\" focusable=\"false\"><path d=\"M16.708 0.027c1.745-0.027 3.48-0.011 5.213-0.027 0.105 2.041 0.839 4.12 2.333 5.563 1.491 1.479 3.6 2.156 5.652 2.385v5.369c-1.923-0.063-3.855-0.463-5.6-1.291-0.76-0.344-1.468-0.787-2.161-1.24-0.009 3.896 0.016 7.787-0.025 11.667-0.104 1.864-0.719 3.719-1.803 5.255-1.744 2.557-4.771 4.224-7.88 4.276-1.907 0.109-3.812-0.411-5.437-1.369-2.693-1.588-4.588-4.495-4.864-7.615-0.032-0.667-0.043-1.333-0.016-1.984 0.24-2.537 1.495-4.964 3.443-6.615 2.208-1.923 5.301-2.839 8.197-2.297 0.027 1.975-0.052 3.948-0.052 5.923-1.323-0.428-2.869-0.308-4.025 0.495-0.844 0.547-1.485 1.385-1.819 2.333-0.276 0.676-0.197 1.427-0.181 2.145 0.317 2.188 2.421 4.027 4.667 3.828 1.489-0.016 2.916-0.88 3.692-2.145 0.251-0.443 0.532-0.896 0.547-1.417 0.131-2.385 0.079-4.76 0.095-7.145 0.011-5.375-0.016-10.735 0.025-16.093z\" \/><\/svg><span class=\"wp-block-social-link-label screen-reader-text\">TikTok<\/span><\/a><\/li><\/ul>\n\n\n\n<p>Nascidos em 1995, os Blasted Mechanism s\u00e3o uma banda atualmente composta por Valdjiu, Guitshu, Fred Stone, Riic Wolf e Ary. Com mais de uma dezena de discos editados, j\u00e1 conquistaram um Globo de Ouro e foram distinguidos com tr\u00eas nomea\u00e7\u00f5es para o MTV Best Portuguese Act.<\/p>\n\n\n\n<p>Pisaram os maiores palcos nacionais e passaram por tantos outros l\u00e1 fora, como o do emblem\u00e1tico festival de Glastonbury. Incontorn\u00e1veis na m\u00fasica portuguesa, fundem rock com electr\u00f3nica e elementos de diversas m\u00fasicas tradicionais do mundo.<\/p>\n\n\n\n<p>S\u00e3o um projeto original de fus\u00e3o, com uma identidade vincada, que muito se reflete nas performances marcantes, que s\u00e3o verdadeiras experi\u00eancias de catarse. Os Blasted Mechanism s\u00e3o sin\u00f3nimo de power, representam uma for\u00e7a vanguardista e inesgot\u00e1vel de entretenimento, um modo inconformado de se estar na vida.<\/p>\n\n\n\n<p>Agora \u00e9 tempo de celebrar o legado e de construir novas p\u00e1ginas de hist\u00f3ria. Contudo, no horizonte est\u00e1, acima de tudo, um concerto especial de comemora\u00e7\u00e3o de 30 anos de carreira, marcado para 2025. Os Blasted Mechanism sempre se destacaram pelas suas performances disruptivas e contagiantes, s\u00e3o uma banda de palco. Os preparativos come\u00e7am agora, ao som de \u201cCome With Us\u201d, em torno do qual re\u00fanem os fi\u00e9is rebeldes aos quais chamam fam\u00edlia.<\/p>\n\n\n\n<p>Convidados: Karkov &amp; Winga<\/p>\n\n\n\n<figure class=\"wp-block-gallery has-nested-images columns-default is-cropped wp-block-gallery-1 is-layout-flex wp-block-gallery-is-layout-flex\">\n<figure class=\"wp-block-image size-large\"><img decoding=\"async\" width=\"1024\" height=\"683\" data-id=\"697\" src=\"https:\/\/crumbsevents.com\/wp-content\/uploads\/2025\/04\/BlastedMechanism-156-copiar-1024x683.jpg\" alt=\"\" class=\"wp-image-697\" srcset=\"https:\/\/crumbsevents.com\/wp-content\/uploads\/2025\/04\/BlastedMechanism-156-copiar-1024x683.jpg 1024w, https:\/\/crumbsevents.com\/wp-content\/uploads\/2025\/04\/BlastedMechanism-156-copiar-300x200.jpg 300w, https:\/\/crumbsevents.com\/wp-content\/uploads\/2025\/04\/BlastedMechanism-156-copiar-768x512.jpg 768w, https:\/\/crumbsevents.com\/wp-content\/uploads\/2025\/04\/BlastedMechanism-156-copiar-1536x1024.jpg 1536w, https:\/\/crumbsevents.com\/wp-content\/uploads\/2025\/04\/BlastedMechanism-156-copiar-2048x1366.jpg 2048w\" sizes=\"(max-width: 1024px) 100vw, 1024px\" \/><\/figure>\n\n\n\n<figure class=\"wp-block-image size-large\"><img decoding=\"async\" width=\"1024\" height=\"683\" data-id=\"696\" src=\"https:\/\/crumbsevents.com\/wp-content\/uploads\/2025\/04\/BlastedMechanism-85-copiar-1024x683.jpg\" alt=\"\" class=\"wp-image-696\" srcset=\"https:\/\/crumbsevents.com\/wp-content\/uploads\/2025\/04\/BlastedMechanism-85-copiar-1024x683.jpg 1024w, https:\/\/crumbsevents.com\/wp-content\/uploads\/2025\/04\/BlastedMechanism-85-copiar-300x200.jpg 300w, https:\/\/crumbsevents.com\/wp-content\/uploads\/2025\/04\/BlastedMechanism-85-copiar-768x512.jpg 768w, https:\/\/crumbsevents.com\/wp-content\/uploads\/2025\/04\/BlastedMechanism-85-copiar-1536x1024.jpg 1536w, https:\/\/crumbsevents.com\/wp-content\/uploads\/2025\/04\/BlastedMechanism-85-copiar-2048x1366.jpg 2048w\" sizes=\"(max-width: 1024px) 100vw, 1024px\" \/><\/figure>\n\n\n\n<figure class=\"wp-block-image size-large\"><img loading=\"lazy\" decoding=\"async\" width=\"1024\" height=\"682\" data-id=\"699\" src=\"https:\/\/crumbsevents.com\/wp-content\/uploads\/2025\/04\/BlastedMechanism-92-copiar-1024x682.jpg\" alt=\"\" class=\"wp-image-699\" srcset=\"https:\/\/crumbsevents.com\/wp-content\/uploads\/2025\/04\/BlastedMechanism-92-copiar-1024x682.jpg 1024w, https:\/\/crumbsevents.com\/wp-content\/uploads\/2025\/04\/BlastedMechanism-92-copiar-300x200.jpg 300w, https:\/\/crumbsevents.com\/wp-content\/uploads\/2025\/04\/BlastedMechanism-92-copiar-768x512.jpg 768w, https:\/\/crumbsevents.com\/wp-content\/uploads\/2025\/04\/BlastedMechanism-92-copiar-1536x1024.jpg 1536w, https:\/\/crumbsevents.com\/wp-content\/uploads\/2025\/04\/BlastedMechanism-92-copiar-2048x1365.jpg 2048w\" sizes=\"(max-width: 1024px) 100vw, 1024px\" \/><\/figure>\n\n\n\n<figure class=\"wp-block-image size-large\"><img loading=\"lazy\" decoding=\"async\" width=\"1024\" height=\"683\" data-id=\"701\" src=\"https:\/\/crumbsevents.com\/wp-content\/uploads\/2025\/04\/BlastedMechanism-104-copiar-1024x683.jpg\" alt=\"\" class=\"wp-image-701\" srcset=\"https:\/\/crumbsevents.com\/wp-content\/uploads\/2025\/04\/BlastedMechanism-104-copiar-1024x683.jpg 1024w, https:\/\/crumbsevents.com\/wp-content\/uploads\/2025\/04\/BlastedMechanism-104-copiar-300x200.jpg 300w, https:\/\/crumbsevents.com\/wp-content\/uploads\/2025\/04\/BlastedMechanism-104-copiar-768x512.jpg 768w, https:\/\/crumbsevents.com\/wp-content\/uploads\/2025\/04\/BlastedMechanism-104-copiar-1536x1024.jpg 1536w, https:\/\/crumbsevents.com\/wp-content\/uploads\/2025\/04\/BlastedMechanism-104-copiar-2048x1366.jpg 2048w\" sizes=\"(max-width: 1024px) 100vw, 1024px\" \/><\/figure>\n\n\n\n<figure class=\"wp-block-image size-large\"><img loading=\"lazy\" decoding=\"async\" width=\"1024\" height=\"683\" data-id=\"695\" src=\"https:\/\/crumbsevents.com\/wp-content\/uploads\/2025\/04\/BlastedMechanism-94-copiar-1024x683.jpg\" alt=\"\" class=\"wp-image-695\" srcset=\"https:\/\/crumbsevents.com\/wp-content\/uploads\/2025\/04\/BlastedMechanism-94-copiar-1024x683.jpg 1024w, https:\/\/crumbsevents.com\/wp-content\/uploads\/2025\/04\/BlastedMechanism-94-copiar-300x200.jpg 300w, https:\/\/crumbsevents.com\/wp-content\/uploads\/2025\/04\/BlastedMechanism-94-copiar-768x512.jpg 768w, https:\/\/crumbsevents.com\/wp-content\/uploads\/2025\/04\/BlastedMechanism-94-copiar-1536x1024.jpg 1536w, https:\/\/crumbsevents.com\/wp-content\/uploads\/2025\/04\/BlastedMechanism-94-copiar-2048x1366.jpg 2048w\" sizes=\"(max-width: 1024px) 100vw, 1024px\" \/><\/figure>\n\n\n\n<figure class=\"wp-block-image size-large\"><img loading=\"lazy\" decoding=\"async\" width=\"1024\" height=\"682\" data-id=\"700\" src=\"https:\/\/crumbsevents.com\/wp-content\/uploads\/2025\/04\/BlastedMechanism-109-copiar-1024x682.jpg\" alt=\"\" class=\"wp-image-700\" srcset=\"https:\/\/crumbsevents.com\/wp-content\/uploads\/2025\/04\/BlastedMechanism-109-copiar-1024x682.jpg 1024w, https:\/\/crumbsevents.com\/wp-content\/uploads\/2025\/04\/BlastedMechanism-109-copiar-300x200.jpg 300w, https:\/\/crumbsevents.com\/wp-content\/uploads\/2025\/04\/BlastedMechanism-109-copiar-768x512.jpg 768w, https:\/\/crumbsevents.com\/wp-content\/uploads\/2025\/04\/BlastedMechanism-109-copiar-1536x1024.jpg 1536w, https:\/\/crumbsevents.com\/wp-content\/uploads\/2025\/04\/BlastedMechanism-109-copiar-2048x1365.jpg 2048w\" sizes=\"(max-width: 1024px) 100vw, 1024px\" \/><\/figure>\n\n\n\n<figure class=\"wp-block-image size-large\"><img loading=\"lazy\" decoding=\"async\" width=\"1024\" height=\"683\" data-id=\"698\" src=\"https:\/\/crumbsevents.com\/wp-content\/uploads\/2025\/04\/BlastedMechanism-172-copiar-1024x683.jpg\" alt=\"\" class=\"wp-image-698\" srcset=\"https:\/\/crumbsevents.com\/wp-content\/uploads\/2025\/04\/BlastedMechanism-172-copiar-1024x683.jpg 1024w, https:\/\/crumbsevents.com\/wp-content\/uploads\/2025\/04\/BlastedMechanism-172-copiar-300x200.jpg 300w, https:\/\/crumbsevents.com\/wp-content\/uploads\/2025\/04\/BlastedMechanism-172-copiar-768x512.jpg 768w, https:\/\/crumbsevents.com\/wp-content\/uploads\/2025\/04\/BlastedMechanism-172-copiar-1536x1024.jpg 1536w, https:\/\/crumbsevents.com\/wp-content\/uploads\/2025\/04\/BlastedMechanism-172-copiar-2048x1366.jpg 2048w\" sizes=\"(max-width: 1024px) 100vw, 1024px\" \/><\/figure>\n<\/figure>\n\n\n\n<figure class=\"wp-block-embed is-type-video is-provider-youtube wp-block-embed-youtube wp-embed-aspect-16-9 wp-has-aspect-ratio\"><div class=\"wp-block-embed__wrapper\">\n<iframe title=\"Blasted Mechanism - \u0950 anos | Sala Tejo | 12.04.2025\" width=\"1140\" height=\"641\" src=\"https:\/\/www.youtube.com\/embed\/f1rzyPqWCkA?feature=oembed\" frameborder=\"0\" allow=\"accelerometer; autoplay; clipboard-write; encrypted-media; gyroscope; picture-in-picture; web-share\" referrerpolicy=\"strict-origin-when-cross-origin\" allowfullscreen><\/iframe>\n<\/div><\/figure>\n","protected":false},"excerpt":{"rendered":"<p>Nascidos em 1995, os Blasted Mechanism s\u00e3o uma banda atualmente composta por Valdjiu, Guitshu, Fred Stone, Riic Wolf e Ary. &hellip; <a href=\"https:\/\/crumbsevents.com\/index.php\/blasted-mechanism-sala-tejo\/\" class=\"more-link\">Continue reading <span class=\"screen-reader-text\">Blasted Mechanism | Sala Tejo<\/span><\/a><\/p>\n","protected":false},"author":1,"featured_media":0,"parent":0,"menu_order":0,"comment_status":"closed","ping_status":"closed","template":"","meta":{"_themeisle_gutenberg_block_has_review":false,"footnotes":""},"class_list":["post-463","page","type-page","status-publish","hentry"],"_links":{"self":[{"href":"https:\/\/crumbsevents.com\/index.php\/wp-json\/wp\/v2\/pages\/463","targetHints":{"allow":["GET"]}}],"collection":[{"href":"https:\/\/crumbsevents.com\/index.php\/wp-json\/wp\/v2\/pages"}],"about":[{"href":"https:\/\/crumbsevents.com\/index.php\/wp-json\/wp\/v2\/types\/page"}],"author":[{"embeddable":true,"href":"https:\/\/crumbsevents.com\/index.php\/wp-json\/wp\/v2\/users\/1"}],"replies":[{"embeddable":true,"href":"https:\/\/crumbsevents.com\/index.php\/wp-json\/wp\/v2\/comments?post=463"}],"version-history":[{"count":8,"href":"https:\/\/crumbsevents.com\/index.php\/wp-json\/wp\/v2\/pages\/463\/revisions"}],"predecessor-version":[{"id":702,"href":"https:\/\/crumbsevents.com\/index.php\/wp-json\/wp\/v2\/pages\/463\/revisions\/702"}],"wp:attachment":[{"href":"https:\/\/crumbsevents.com\/index.php\/wp-json\/wp\/v2\/media?parent=463"}],"curies":[{"name":"wp","href":"https:\/\/api.w.org\/{rel}","templated":true}]}}